{"id":9,"date":"2026-01-08T23:49:07","date_gmt":"2026-01-08T23:49:07","guid":{"rendered":"https:\/\/danielchaveztorres.com\/flacso\/?page_id=9"},"modified":"2026-01-21T23:37:28","modified_gmt":"2026-01-21T23:37:28","slug":"inicio","status":"publish","type":"page","link":"https:\/\/danielchaveztorres.com\/flacso\/","title":{"rendered":"Inicio"},"content":{"rendered":"\n  <div class=\"banner has-hover\" id=\"banner-60579844\">\n          <div class=\"banner-inner fill\">\n        <div class=\"banner-bg fill\" >\n            <img loading=\"lazy\" decoding=\"async\" width=\"2080\" height=\"1020\" src=\"https:\/\/danielchaveztorres.com\/flacso\/wp-content\/uploads\/2026\/01\/encabezado.webp\" class=\"bg attachment-original size-original\" alt=\"\" \/>                                    \n                    <\/div>\n\t\t\n        <div class=\"banner-layers container\">\n            <div class=\"fill banner-link\"><\/div>            \n   <div id=\"text-box-1230559046\" class=\"text-box banner-layer x50 md-x50 lg-x50 y10 md-y10 lg-y10 res-text\">\n                                <div class=\"text-box-content text dark\">\n              \n              <div class=\"text-inner text-center\">\n                  \n\t<div class=\"img has-hover x md-x lg-x y md-y lg-y\" id=\"image_1362102435\">\n\t\t\t\t\t\t\t\t<div class=\"img-inner dark\" >\n\t\t\t<img loading=\"lazy\" decoding=\"async\" width=\"1\" height=\"1\" src=\"https:\/\/danielchaveztorres.com\/flacso\/wp-content\/uploads\/2026\/01\/voces-Observatorio.svg\" class=\"attachment-large size-large\" alt=\"\" \/>\t\t\t\t\t\t\n\t\t\t\t\t<\/div>\n\t\t\t\t\t\t\t\t\n<style>\n#image_1362102435 {\n  width: 100%;\n}\n<\/style>\n\t<\/div>\n\t\n              <\/div>\n           <\/div>\n                            \n<style>\n#text-box-1230559046 {\n  width: 60%;\n}\n#text-box-1230559046 .text-box-content {\n  font-size: 100%;\n}\n<\/style>\n    <\/div>\n \n        <\/div>\n      <\/div>\n\n            \n<style>\n#banner-60579844 {\n  padding-top: 177px;\n}\n#banner-60579844 .banner-bg img {\n  object-position: 9% 0%;\n}\n@media (min-width:550px) {\n  #banner-60579844 {\n    padding-top: 438px;\n  }\n}\n@media (min-width:850px) {\n  #banner-60579844 {\n    padding-top: 781px;\n  }\n}\n<\/style>\n  <\/div>\n\n\n<div class=\"row row-collapse align-center\"  id=\"row-122117811\">\n\n\t<div id=\"col-1796972362\" class=\"col medium-8 small-12 large-6\"  >\n\t\t\t\t<div class=\"col-inner text-center\" style=\"background-color:rgb(27, 31, 46);\" >\n\t\t\t\n\t\t\t\n\t<div id=\"text-3140710830\" class=\"text\">\n\t\t\n<h2>Escucha, siente, comprende<\/h2>\n\t\t\n<style>\n#text-3140710830 {\n  font-size: 1.35rem;\n  color: rgb(255, 249, 236);\n}\n#text-3140710830 > * {\n  color: rgb(255, 249, 236);\n}\n@media (min-width:550px) {\n  #text-3140710830 {\n    font-size: 1.5rem;\n  }\n}\n<\/style>\n\t<\/div>\n\t\n\t<div id=\"text-3304560025\" class=\"text\">\n\t\t\n<h3>lo que piensan quienes habitan la ciudad amaz\u00f3nica<\/h3>\n\t\t\n<style>\n#text-3304560025 {\n  font-size: 0.85rem;\n  color: rgb(255, 249, 236);\n}\n#text-3304560025 > * {\n  color: rgb(255, 249, 236);\n}\n<\/style>\n\t<\/div>\n\t\n\t\t<\/div>\n\t\t\t\t\n<style>\n#col-1796972362 > .col-inner {\n  padding: 1% 1% 1% 1%;\n  margin: 0px 0px 0px 0px;\n}\n@media (min-width:550px) {\n  #col-1796972362 > .col-inner {\n    margin: -50px 0px 0px 0px;\n  }\n}\n<\/style>\n\t<\/div>\n\n\t\n<\/div>\n\n\t<section class=\"section fuentes\" id=\"section_691401820\">\n\t\t<div class=\"section-bg fill\" >\n\t\t\t\t\t\t\t\t\t\n\t\t\t\n\n\t\t<\/div>\n\n\t\t\n\n\t\t<div class=\"section-content relative\">\n\t\t\t\n<div class=\"row\"  id=\"row-784722685\">\n\n\t<div id=\"col-752914866\" class=\"col small-12 large-12\"  >\n\t\t\t\t<div class=\"col-inner\"  >\n\t\t\t\n\t\t\t\n\t<div id=\"text-2507675615\" class=\"text\">\n\t\t\n<h2 class=\"thin-font\">Di\u00e1logos y Territorios<br \/><strong>en TRANSFORMACI\u00d3N<\/strong><\/h2>\n\t\t\n<style>\n#text-2507675615 {\n  font-size: 1.35rem;\n  text-align: center;\n}\n@media (min-width:550px) {\n  #text-2507675615 {\n    font-size: 1.5rem;\n  }\n}\n<\/style>\n\t<\/div>\n\t\n\t\t<\/div>\n\t\t\t\t\t<\/div>\n\n\t\n\n\t<div id=\"col-556073809\" class=\"col medium-5 small-12 large-5\"  >\n\t\t\t\t<div class=\"col-inner\"  >\n\t\t\t\n\t\t\t\n\t<div id=\"text-4040698718\" class=\"text\">\n\t\t\n<h2>Repensando el modelo de desarrollo de las ciudades amaz\u00f3nicas ecuatorianas<\/h2>\n\t\t\n<style>\n#text-4040698718 {\n  font-size: 1.35rem;\n  text-align: left;\n}\n@media (min-width:550px) {\n  #text-4040698718 {\n    font-size: 1.5rem;\n  }\n}\n<\/style>\n\t<\/div>\n\t\n\t\t<\/div>\n\t\t\t\t\t<\/div>\n\n\t\n\n\t<div id=\"col-1253457973\" class=\"col medium-7 small-12 large-7\"  >\n\t\t\t\t<div class=\"col-inner\"  >\n\t\t\t\n\t\t\t\n\t<div id=\"text-209207623\" class=\"text\">\n\t\t\n<p>\u00ab<strong>La Amazon\u00eda est\u00e1 sufriendo una situaci\u00f3n extremadamente compleja,<\/strong> extremadamente <strong>dif\u00edcil<\/strong>, una realidad que nos dice que la regi\u00f3n est\u00e1 llena de fracturas, llena de fragmentaciones. (\u2026)<strong> Nosotros somos los que la estamos destruyendo<\/strong> de forma sistem\u00e1tica y <strong>por<\/strong> varias razones, pero la principal y fundamental raz\u00f3n es la <strong>codicia<\/strong>. La b\u00fasqueda de la acumulaci\u00f3n propia del sistema capitalista que trata de cuantificar, y de mercantilizar todas las formas de vida \u2014tanto de seres humanos como de seres no humanos\u2014 es una realidad realmente lacerante en la regi\u00f3n.\u00bb<\/p>\n\t\t\n<style>\n#text-209207623 {\n  font-size: 1.35rem;\n  text-align: left;\n}\n@media (min-width:550px) {\n  #text-209207623 {\n    font-size: 1rem;\n  }\n}\n<\/style>\n\t<\/div>\n\t\n\t\t<\/div>\n\t\t\t\t\t<\/div>\n\n\t\n<\/div>\n<div class=\"row align-bottom\"  id=\"row-2078298795\">\n\n\t<div id=\"col-773898021\" class=\"col medium-5 small-12 large-5\"  >\n\t\t\t\t<div class=\"col-inner\"  >\n\t\t\t\n\t\t\t\n<div class=\"video video-fit mb\" style=\"padding-top:56.25%;\"><p><iframe loading=\"lazy\" title=\"Alberto Acosta   Mensaje Sobre la Fragmentaci\u00f3n de la Amazonia Ecuatoriana\" width=\"1020\" height=\"574\" src=\"https:\/\/www.youtube.com\/embed\/8rlqmQ5ApqU?feature=oembed\" frameborder=\"0\" allow=\"accelerometer; autoplay; clipboard-write; encrypted-media; gyroscope; picture-in-picture; web-share\" referrerpolicy=\"strict-origin-when-cross-origin\" allowfullscreen><\/iframe><\/p>\n<\/div>\n\t\t<\/div>\n\t\t\t\t\t<\/div>\n\n\t\n\n\t<div id=\"col-430154844\" class=\"col medium-7 small-12 large-7\"  >\n\t\t\t\t<div class=\"col-inner\"  >\n\t\t\t\n\t\t\t\n<div class=\"row\"  id=\"row-1862573799\">\n\n\t<div id=\"col-1105978410\" class=\"col alberto medium-4 small-12 large-4\"  >\n\t\t\t\t<div class=\"col-inner\"  >\n\t\t\t\n\t\t\t\n\t<div id=\"text-1884151241\" class=\"text\">\n\t\t\n<h2 class=\"thin-font\">ALBERTO<br \/><strong>ACOSTA<\/strong><\/h2>\n\t\t\n<style>\n#text-1884151241 {\n  font-size: 1.35rem;\n  text-align: center;\n}\n@media (min-width:550px) {\n  #text-1884151241 {\n    font-size: 1.5rem;\n  }\n}\n<\/style>\n\t<\/div>\n\t\n\t<div id=\"text-842862275\" class=\"text\">\n\t\t\n<p>12 de septiembre<br \/>de 2024 <strong>TENA<\/strong><\/p>\n\t\t\n<style>\n#text-842862275 {\n  font-size: 1.35rem;\n  text-align: center;\n  color: rgb(125, 125, 125);\n}\n#text-842862275 > * {\n  color: rgb(125, 125, 125);\n}\n@media (min-width:550px) {\n  #text-842862275 {\n    font-size: 1.05rem;\n  }\n}\n<\/style>\n\t<\/div>\n\t\n\t\t<\/div>\n\t\t\t\t\t<\/div>\n\n\t\n\n\t<div id=\"col-633303491\" class=\"col medium-8 small-12 large-8\"  >\n\t\t\t\t<div class=\"col-inner\"  >\n\t\t\t\n\t\t\t\n<h6>CONFERENCIA MAGISTRAL<\/h6>\n<div class=\"is-divider divider clearfix\" style=\"margin-top:0px;margin-bottom:0px;max-width:100%;background-color:rgb(0, 0, 0);\"><\/div>\n\t<div id=\"text-3793139167\" class=\"text\">\n\t\t\n<p>Re\ufb02exiones sobre el desarrollo amaz\u00f3nico y los futuros posibles\u00a0en el marco del 1er Seminario Taller\u00a0para Investigadores Amaz\u00f3nicos.<\/p>\n\t\t\n<style>\n#text-3793139167 {\n  font-size: 1.35rem;\n  text-align: left;\n}\n@media (min-width:550px) {\n  #text-3793139167 {\n    font-size: 1.25rem;\n  }\n}\n<\/style>\n\t<\/div>\n\t\n\t\t<\/div>\n\t\t\t\t\t<\/div>\n\n\t\n<\/div>\n\t\t<\/div>\n\t\t\t\t\t<\/div>\n\n\t\n<\/div>\n\t\t<\/div>\n\n\t\t\n<style>\n#section_691401820 {\n  padding-top: 30px;\n  padding-bottom: 30px;\n}\n<\/style>\n\t<\/section>\n\t\n\n\t<section class=\"section\" id=\"section_1589408550\">\n\t\t<div class=\"section-bg fill\" >\n\t\t\t<img loading=\"lazy\" decoding=\"async\" width=\"2080\" height=\"2156\" src=\"https:\/\/danielchaveztorres.com\/flacso\/wp-content\/uploads\/2026\/01\/fondo_2-Observatorio.webp\" class=\"bg attachment-original size-original\" alt=\"\" \/>\t\t\t\t\t\t\n\t\t\t\n\n\t\t<\/div>\n\n\t\t\n\n\t\t<div class=\"section-content relative\">\n\t\t\t\n\t<div id=\"gap-1842697816\" class=\"gap-element clearfix\" style=\"display:block; height:auto;\">\n\t\t\n<style>\n#gap-1842697816 {\n  padding-top: 100px;\n}\n@media (min-width:850px) {\n  #gap-1842697816 {\n    padding-top: 500px;\n  }\n}\n<\/style>\n\t<\/div>\n\t\n<div class=\"row align-middle align-center\"  id=\"row-1464089742\">\n\n\t<div id=\"col-1838851545\" class=\"col medium-12 small-12 large-8\"  >\n\t\t\t\t<div class=\"col-inner\"  >\n\t\t\t\n\t\t\t\n\t<div id=\"text-45041560\" class=\"text\">\n\t\t\n<h2><strong>\u00bfPor qu\u00e9 hablar de urbanizaci\u00f3n en la Amazon\u00eda?<\/strong><\/h2>\n\t\t\n<style>\n#text-45041560 {\n  font-size: 1.35rem;\n  text-align: right;\n  color: rgb(255,255,255);\n}\n#text-45041560 > * {\n  color: rgb(255,255,255);\n}\n@media (min-width:550px) {\n  #text-45041560 {\n    font-size: 2.4rem;\n  }\n}\n@media (min-width:850px) {\n  #text-45041560 {\n    font-size: 2.9rem;\n  }\n}\n<\/style>\n\t<\/div>\n\t\n\t\t<\/div>\n\t\t\t\t\t<\/div>\n\n\t\n\n\t<div id=\"col-2144635957\" class=\"col medium-5 small-12 large-5\"  >\n\t\t\t\t<div class=\"col-inner\"  >\n\t\t\t\n\t\t\t\n\t<div class=\"img has-hover imagen x md-x lg-x y md-y lg-y\" id=\"image_915313417\">\n\t\t\t\t\t\t\t\t<div class=\"img-inner dark\" style=\"margin:0px 0px 0px 0px;\">\n\t\t\t<img loading=\"lazy\" decoding=\"async\" width=\"1020\" height=\"753\" src=\"https:\/\/danielchaveztorres.com\/flacso\/wp-content\/uploads\/2026\/01\/imagen-Observatorio-1024x756.webp\" class=\"attachment-large size-large\" alt=\"\" srcset=\"https:\/\/danielchaveztorres.com\/flacso\/wp-content\/uploads\/2026\/01\/imagen-Observatorio-1024x756.webp 1024w, https:\/\/danielchaveztorres.com\/flacso\/wp-content\/uploads\/2026\/01\/imagen-Observatorio-300x222.webp 300w, https:\/\/danielchaveztorres.com\/flacso\/wp-content\/uploads\/2026\/01\/imagen-Observatorio-768x567.webp 768w, https:\/\/danielchaveztorres.com\/flacso\/wp-content\/uploads\/2026\/01\/imagen-Observatorio-1536x1134.webp 1536w, https:\/\/danielchaveztorres.com\/flacso\/wp-content\/uploads\/2026\/01\/imagen-Observatorio-2048x1512.webp 2048w\" sizes=\"auto, (max-width: 1020px) 100vw, 1020px\" \/>\t\t\t\t\t\t\n\t\t\t\t\t<\/div>\n\t\t\t\t\t\t\t\t\n<style>\n#image_915313417 {\n  width: 100%;\n}\n<\/style>\n\t<\/div>\n\t\n\t\t<\/div>\n\t\t\t\t\t<\/div>\n\n\t\n\n\t<div id=\"col-2073775489\" class=\"col medium-5 small-12 large-5\"  >\n\t\t\t\t<div class=\"col-inner\"  >\n\t\t\t\n\t\t\t\n\t<div id=\"text-778786320\" class=\"text\">\n\t\t\n<p>Durante mucho tiempo, la Amazon\u00eda ha sido vista \u00fanicamente como selva, petr\u00f3leo o biodiversidad. Sin embargo, <strong>la ciudad siempre ha sido una parte fundamental del paisaje amaz\u00f3nico.<\/strong><\/p>\n\t\t\n<style>\n#text-778786320 {\n  font-size: 1.35rem;\n  color: rgb(255,255,255);\n}\n#text-778786320 > * {\n  color: rgb(255,255,255);\n}\n<\/style>\n\t<\/div>\n\t\n\t\t<\/div>\n\t\t\t\t\t<\/div>\n\n\t\n\n\t<div id=\"col-301955787\" class=\"col medium-10 small-12 large-10\"  >\n\t\t\t\t<div class=\"col-inner\" style=\"background-color:#000000;\" >\n\t\t\t\n\t\t\t\n\t<div id=\"text-712490671\" class=\"text\">\n\t\t\n<p><span style=\"font-size: 130%;\">Las urbes de la regi\u00f3n crecen a ritmos acelerados, entre tensiones, desigualdades y sue\u00f1os colectivos. Detr\u00e1s de cada calle construida, cada asentamiento informal, cada infraestructura en conflicto, hay historias humanas que merecen ser escuchadas.<\/span><\/p>\n\t\t\n<style>\n#text-712490671 {\n  text-align: center;\n  color: rgb(255,255,255);\n}\n#text-712490671 > * {\n  color: rgb(255,255,255);\n}\n<\/style>\n\t<\/div>\n\t\n\t\t<\/div>\n\t\t\t\t\n<style>\n#col-301955787 > .col-inner {\n  padding: 5% 5% 5% 5%;\n}\n<\/style>\n\t<\/div>\n\n\t\n<\/div>\n\t\t<\/div>\n\n\t\t\n<style>\n#section_1589408550 {\n  padding-top: 30px;\n  padding-bottom: 30px;\n}\n#section_1589408550 .section-bg img {\n  object-position: 2% 14%;\n}\n<\/style>\n\t<\/section>\n\t\n\n\t<section class=\"section\" id=\"section_1712862205\">\n\t\t<div class=\"section-bg fill\" >\n\t\t\t\t\t\t\t\t\t\n\t\t\t\n\n\t\t<\/div>\n\n\t\t\n\n\t\t<div class=\"section-content relative\">\n\t\t\t\n<div class=\"row align-center\"  id=\"row-2119283587\">\n\n\t<div id=\"col-778654789\" class=\"col medium-10 small-12 large-10\"  >\n\t\t\t\t<div class=\"col-inner\"  >\n\t\t\t\n\t\t\t\n\t<div id=\"text-8236111\" class=\"text\">\n\t\t\n<p><span style=\"font-size: 120%;\">Esta plataforma recoge las voces diversas de actores amaz\u00f3nicos clave: desde lideresas ind\u00edgenas, migrantes, t\u00e9cnicos municipales, j\u00f3venes, adultos mayores y defensores del territorio, investigadores y comerciantes, quienes desde su experiencia cotidiana dan sentido al proceso urbano amaz\u00f3nico.<\/span><\/p>\n\t\t\n<style>\n#text-8236111 {\n  text-align: center;\n}\n<\/style>\n\t<\/div>\n\t\n\t\t<\/div>\n\t\t\t\t\n<style>\n#col-778654789 > .col-inner {\n  padding: 1% 1% 1% 1%;\n}\n<\/style>\n\t<\/div>\n\n\t\n\n\t<div id=\"col-992189495\" class=\"col medium-10 small-12 large-10\"  >\n\t\t\t\t<div class=\"col-inner\"  >\n\t\t\t\n\t\t\t\n\t<div id=\"stack-2195620998\" class=\"stack stack-row justify-start items-stretch\">\n\t\t\n\t<div class=\"img has-hover x md-x lg-x y md-y lg-y\" id=\"image_923740996\">\n\t\t\t\t\t\t\t\t<div class=\"img-inner dark\" >\n\t\t\t<img loading=\"lazy\" decoding=\"async\" width=\"1\" height=\"1\" src=\"https:\/\/danielchaveztorres.com\/flacso\/wp-content\/uploads\/2026\/01\/Personaje_4.svg\" class=\"attachment-large size-large\" alt=\"\" \/>\t\t\t\t\t\t\n\t\t\t\t\t<\/div>\n\t\t\t\t\t\t\t\t\n<style>\n#image_923740996 {\n  width: 100%;\n}\n<\/style>\n\t<\/div>\n\t\n\t<div class=\"img has-hover x md-x lg-x y md-y lg-y\" id=\"image_735208686\">\n\t\t\t\t\t\t\t\t<div class=\"img-inner dark\" >\n\t\t\t<img loading=\"lazy\" decoding=\"async\" width=\"1\" height=\"1\" src=\"https:\/\/danielchaveztorres.com\/flacso\/wp-content\/uploads\/2026\/01\/Personaje_3.svg\" class=\"attachment-large size-large\" alt=\"\" \/>\t\t\t\t\t\t\n\t\t\t\t\t<\/div>\n\t\t\t\t\t\t\t\t\n<style>\n#image_735208686 {\n  width: 93%;\n}\n<\/style>\n\t<\/div>\n\t\n\t<div class=\"img has-hover x md-x lg-x y md-y lg-y\" id=\"image_643013681\">\n\t\t\t\t\t\t\t\t<div class=\"img-inner dark\" >\n\t\t\t<img loading=\"lazy\" decoding=\"async\" width=\"1\" height=\"1\" src=\"https:\/\/danielchaveztorres.com\/flacso\/wp-content\/uploads\/2026\/01\/Personaje_1.svg\" class=\"attachment-large size-large\" alt=\"\" \/>\t\t\t\t\t\t\n\t\t\t\t\t<\/div>\n\t\t\t\t\t\t\t\t\n<style>\n#image_643013681 {\n  width: 93%;\n}\n<\/style>\n\t<\/div>\n\t\n\t<div class=\"img has-hover x md-x lg-x y md-y lg-y\" id=\"image_1048712755\">\n\t\t\t\t\t\t\t\t<div class=\"img-inner dark\" >\n\t\t\t<img loading=\"lazy\" decoding=\"async\" width=\"1\" height=\"1\" src=\"https:\/\/danielchaveztorres.com\/flacso\/wp-content\/uploads\/2026\/01\/Personaje_2.svg\" class=\"attachment-large size-large\" alt=\"\" \/>\t\t\t\t\t\t\n\t\t\t\t\t<\/div>\n\t\t\t\t\t\t\t\t\n<style>\n#image_1048712755 {\n  width: 93%;\n}\n<\/style>\n\t<\/div>\n\t\n\t<div class=\"img has-hover x md-x lg-x y md-y lg-y\" id=\"image_1683731434\">\n\t\t\t\t\t\t\t\t<div class=\"img-inner dark\" >\n\t\t\t<img loading=\"lazy\" decoding=\"async\" width=\"1\" height=\"1\" src=\"https:\/\/danielchaveztorres.com\/flacso\/wp-content\/uploads\/2026\/01\/Personaje.svg\" class=\"attachment-large size-large\" alt=\"\" \/>\t\t\t\t\t\t\n\t\t\t\t\t<\/div>\n\t\t\t\t\t\t\t\t\n<style>\n#image_1683731434 {\n  width: 93%;\n}\n<\/style>\n\t<\/div>\n\t\n\t\t\n<style>\n#stack-2195620998 > * {\n  --stack-gap: 0rem;\n}\n<\/style>\n\t<\/div>\n\t\n\t\t<\/div>\n\t\t\t\t\t<\/div>\n\n\t\n\n\t<div id=\"col-1204471351\" class=\"col medium-10 small-12 large-10\"  >\n\t\t\t\t<div class=\"col-inner\"  >\n\t\t\t\n\t\t\t\n\t<div id=\"text-3721996002\" class=\"text\">\n\t\t\n<h2><strong>\u00bfQui\u00e9nes son nuestras Voces desde el Territorio?<\/strong><\/h2>\n\t\t\n<style>\n#text-3721996002 {\n  font-size: 1.35rem;\n  text-align: center;\n}\n@media (min-width:550px) {\n  #text-3721996002 {\n    font-size: 2.4rem;\n  }\n}\n@media (min-width:850px) {\n  #text-3721996002 {\n    font-size: 2.9rem;\n  }\n}\n<\/style>\n\t<\/div>\n\t\n\t\t<\/div>\n\t\t\t\t\t<\/div>\n\n\t\n<\/div>\n<div class=\"row align-equal align-center\"  id=\"row-711843933\">\n\n\t<div id=\"col-326881632\" class=\"col numeros medium-4 small-12 large-4\"  >\n\t\t\t\t<div class=\"col-inner text-center\"  >\n\t\t\t\n\t<div class=\"is-border\"\n\t\tstyle=\"border-color:rgb(0, 0, 0);border-width:3px 3px 3px 3px;margin:4px 0px 0px 0px;\">\n\t<\/div>\n\t\t\t\n\n\t\t<div class=\"icon-box featured-box icon-box-left text-left\"  >\n\t\t\t\t\t<div class=\"icon-box-img\" style=\"width: 76px\">\n\t\t\t\t<div class=\"icon\">\n\t\t\t\t\t<div class=\"icon-inner\" >\n\t\t\t\t\t\t<img loading=\"lazy\" decoding=\"async\" width=\"1\" height=\"1\" src=\"https:\/\/danielchaveztorres.com\/flacso\/wp-content\/uploads\/2026\/01\/1.svg\" class=\"attachment-medium size-medium\" alt=\"\" \/>\t\t\t\t\t<\/div>\n\t\t\t\t<\/div>\n\t\t\t<\/div>\n\t\t\t\t<div class=\"icon-box-text last-reset\">\n\t\t\t\t\t\t\t\t\t\n<a class=\"button secondary is-outline lowercase expand\" >\n\t\t<span>El Estado<\/span>\n\t<\/a>\n\n\t\t<\/div>\n\t<\/div>\n\t\n\t\n<div class=\"row row-collapse\"  id=\"row-541664846\">\n\n\t<div id=\"col-1947320525\" class=\"col small-12 large-12\"  >\n\t\t\t\t<div class=\"col-inner\"  >\n\t\t\t\n\t\t\t\n\t<div id=\"text-2504105804\" class=\"text\">\n\t\t\n<p>A trav\u00e9s de las direcciones de planificaci\u00f3n de los Gobiernos Aut\u00f3nomos Descentralizados Amaz\u00f3nicos<\/p>\n\t\t\n<style>\n#text-2504105804 {\n  text-align: center;\n}\n<\/style>\n\t<\/div>\n\t\n\t\t<\/div>\n\t\t\t\t\n<style>\n#col-1947320525 > .col-inner {\n  padding: 5% 15% 0% 20%;\n}\n<\/style>\n\t<\/div>\n\n\t\n<\/div>\n<a class=\"button secondary lowercase\" >\n\t\t<span>Ver m\u00e1s<\/span>\n\t<\/a>\n\n\t\t<\/div>\n\t\t\t\t\n<style>\n#col-326881632 > .col-inner {\n  padding: 0px 5% 0px 0px;\n}\n<\/style>\n\t<\/div>\n\n\t\n\n\t<div id=\"col-221668130\" class=\"col numeros medium-4 small-12 large-4\"  >\n\t\t\t\t<div class=\"col-inner text-center\"  >\n\t\t\t\n\t<div class=\"is-border\"\n\t\tstyle=\"border-color:rgb(0, 0, 0);border-width:3px 3px 3px 3px;margin:4px 0px 0px 0px;\">\n\t<\/div>\n\t\t\t\n\n\t\t<div class=\"icon-box featured-box icon-box-left text-left\"  >\n\t\t\t\t\t<div class=\"icon-box-img\" style=\"width: 76px\">\n\t\t\t\t<div class=\"icon\">\n\t\t\t\t\t<div class=\"icon-inner\" >\n\t\t\t\t\t\t<img loading=\"lazy\" decoding=\"async\" width=\"1\" height=\"1\" src=\"https:\/\/danielchaveztorres.com\/flacso\/wp-content\/uploads\/2026\/01\/2.svg\" class=\"attachment-medium size-medium\" alt=\"\" \/>\t\t\t\t\t<\/div>\n\t\t\t\t<\/div>\n\t\t\t<\/div>\n\t\t\t\t<div class=\"icon-box-text last-reset\">\n\t\t\t\t\t\t\t\t\t\n<a class=\"button secondary is-outline lowercase expand\" >\n\t\t<span>La Academia<\/span>\n\t<\/a>\n\n\t\t<\/div>\n\t<\/div>\n\t\n\t\n<div class=\"row row-collapse\"  id=\"row-1816273367\">\n\n\t<div id=\"col-1970714796\" class=\"col small-12 large-12\"  >\n\t\t\t\t<div class=\"col-inner\"  >\n\t\t\t\n\t\t\t\n\t<div id=\"text-1601223010\" class=\"text\">\n\t\t\n<p>La voz de investigadores e investigadoras, ense\u00f1ando en instituciones de educaci\u00f3n superior en la regi\u00f3n.<\/p>\n\t\t\n<style>\n#text-1601223010 {\n  text-align: center;\n}\n<\/style>\n\t<\/div>\n\t\n\t\t<\/div>\n\t\t\t\t\n<style>\n#col-1970714796 > .col-inner {\n  padding: 5% 20% 0% 20%;\n}\n<\/style>\n\t<\/div>\n\n\t\n<\/div>\n<a class=\"button secondary lowercase\" >\n\t\t<span>Ver m\u00e1s<\/span>\n\t<\/a>\n\n\t\t<\/div>\n\t\t\t\t\n<style>\n#col-221668130 > .col-inner {\n  padding: 0px 5% 0px 0px;\n}\n<\/style>\n\t<\/div>\n\n\t\n\n\t<div id=\"col-1834282545\" class=\"col numeros medium-4 small-12 large-4\"  >\n\t\t\t\t<div class=\"col-inner text-center\"  >\n\t\t\t\n\t<div class=\"is-border\"\n\t\tstyle=\"border-color:rgb(0, 0, 0);border-width:3px 3px 3px 3px;margin:4px 0px 0px 0px;\">\n\t<\/div>\n\t\t\t\n\n\t\t<div class=\"icon-box featured-box icon-box-left text-left\"  >\n\t\t\t\t\t<div class=\"icon-box-img\" style=\"width: 76px\">\n\t\t\t\t<div class=\"icon\">\n\t\t\t\t\t<div class=\"icon-inner\" >\n\t\t\t\t\t\t<img loading=\"lazy\" decoding=\"async\" width=\"1\" height=\"1\" src=\"https:\/\/danielchaveztorres.com\/flacso\/wp-content\/uploads\/2026\/01\/3.svg\" class=\"attachment-medium size-medium\" alt=\"\" \/>\t\t\t\t\t<\/div>\n\t\t\t\t<\/div>\n\t\t\t<\/div>\n\t\t\t\t<div class=\"icon-box-text last-reset\">\n\t\t\t\t\t\t\t\t\t\n<a class=\"button secondary is-outline lowercase expand\" >\n\t\t<span>Los liderazgos urbano-perif\u00e9ricos<\/span>\n\t<\/a>\n\n\t\t<\/div>\n\t<\/div>\n\t\n\t\n<div class=\"row row-collapse\"  id=\"row-1195629293\">\n\n\t<div id=\"col-468065847\" class=\"col small-12 large-12\"  >\n\t\t\t\t<div class=\"col-inner\"  >\n\t\t\t\n\t\t\t\n\t<div id=\"text-3992814944\" class=\"text\">\n\t\t\n<p>12 barrios perif\u00e9ricos amaz\u00f3nicos.<\/p>\n\t\t\n<style>\n#text-3992814944 {\n  text-align: center;\n}\n<\/style>\n\t<\/div>\n\t\n\t\t<\/div>\n\t\t\t\t\n<style>\n#col-468065847 > .col-inner {\n  padding: 5% 20% 0% 20%;\n}\n<\/style>\n\t<\/div>\n\n\t\n<\/div>\n<a class=\"button secondary lowercase\" >\n\t\t<span>Ver m\u00e1s<\/span>\n\t<\/a>\n\n\t\t<\/div>\n\t\t\t\t\n<style>\n#col-1834282545 > .col-inner {\n  padding: 0px 5% 0px 0px;\n}\n<\/style>\n\t<\/div>\n\n\t\n\n\t<div id=\"col-1567677921\" class=\"col numeros medium-4 small-12 large-4\"  >\n\t\t\t\t<div class=\"col-inner text-center\"  >\n\t\t\t\n\t<div class=\"is-border\"\n\t\tstyle=\"border-color:rgb(0, 0, 0);border-width:3px 3px 3px 3px;margin:4px 0px 0px 0px;\">\n\t<\/div>\n\t\t\t\n\n\t\t<div class=\"icon-box featured-box icon-box-left text-left\"  >\n\t\t\t\t\t<div class=\"icon-box-img\" style=\"width: 76px\">\n\t\t\t\t<div class=\"icon\">\n\t\t\t\t\t<div class=\"icon-inner\" >\n\t\t\t\t\t\t<img loading=\"lazy\" decoding=\"async\" width=\"1\" height=\"1\" src=\"https:\/\/danielchaveztorres.com\/flacso\/wp-content\/uploads\/2026\/01\/4.svg\" class=\"attachment-medium size-medium\" alt=\"\" \/>\t\t\t\t\t<\/div>\n\t\t\t\t<\/div>\n\t\t\t<\/div>\n\t\t\t\t<div class=\"icon-box-text last-reset\">\n\t\t\t\t\t\t\t\t\t\n<a class=\"button secondary is-outline lowercase expand\" >\n\t\t<span>Los liderazgos ind\u00edgenas<\/span>\n\t<\/a>\n\n\t\t<\/div>\n\t<\/div>\n\t\n\t\n<div class=\"row row-collapse\"  id=\"row-344982467\">\n\n\t<div id=\"col-278130317\" class=\"col small-12 large-12\"  >\n\t\t\t\t<div class=\"col-inner\"  >\n\t\t\t\n\t\t\t\n\t<div id=\"text-2432717093\" class=\"text\">\n\t\t\n<p>3 nacionalidades ind\u00edgenas: Kichwa Amaz\u00f3nico, Shuar y Huaorani.<\/p>\n\t\t\n<style>\n#text-2432717093 {\n  text-align: center;\n}\n<\/style>\n\t<\/div>\n\t\n\t\t<\/div>\n\t\t\t\t\n<style>\n#col-278130317 > .col-inner {\n  padding: 5% 20% 0% 20%;\n}\n<\/style>\n\t<\/div>\n\n\t\n<\/div>\n<a class=\"button secondary lowercase\" >\n\t\t<span>Ver m\u00e1s<\/span>\n\t<\/a>\n\n\t\t<\/div>\n\t\t\t\t\n<style>\n#col-1567677921 > .col-inner {\n  padding: 0px 5% 0px 0px;\n}\n<\/style>\n\t<\/div>\n\n\t\n\n\t<div id=\"col-1554114851\" class=\"col numeros medium-4 small-12 large-4\"  >\n\t\t\t\t<div class=\"col-inner text-center\"  >\n\t\t\t\n\t<div class=\"is-border\"\n\t\tstyle=\"border-color:rgb(0, 0, 0);border-width:3px 3px 3px 3px;margin:4px 0px 0px 0px;\">\n\t<\/div>\n\t\t\t\n\n\t\t<div class=\"icon-box featured-box icon-box-left text-left\"  >\n\t\t\t\t\t<div class=\"icon-box-img\" style=\"width: 76px\">\n\t\t\t\t<div class=\"icon\">\n\t\t\t\t\t<div class=\"icon-inner\" >\n\t\t\t\t\t\t<img loading=\"lazy\" decoding=\"async\" width=\"1\" height=\"1\" src=\"https:\/\/danielchaveztorres.com\/flacso\/wp-content\/uploads\/2026\/01\/5.svg\" class=\"attachment-medium size-medium\" alt=\"\" \/>\t\t\t\t\t<\/div>\n\t\t\t\t<\/div>\n\t\t\t<\/div>\n\t\t\t\t<div class=\"icon-box-text last-reset\">\n\t\t\t\t\t\t\t\t\t\n<a class=\"button secondary is-outline lowercase expand\" >\n\t\t<span>El Sector productivo<\/span>\n\t<\/a>\n\n\t\t<\/div>\n\t<\/div>\n\t\n\t\n<div class=\"row row-collapse\"  id=\"row-2129494561\">\n\n\t<div id=\"col-995872640\" class=\"col small-12 large-12\"  >\n\t\t\t\t<div class=\"col-inner\"  >\n\t\t\t\n\t\t\t\n\t<div id=\"text-118678089\" class=\"text\">\n\t\t\n<p>A trav\u00e9s de gremios profesionales y asociaciones de producci\u00f3n a nivel local.<\/p>\n\t\t\n<style>\n#text-118678089 {\n  text-align: center;\n}\n<\/style>\n\t<\/div>\n\t\n\t\t<\/div>\n\t\t\t\t\n<style>\n#col-995872640 > .col-inner {\n  padding: 5% 20% 0% 20%;\n}\n<\/style>\n\t<\/div>\n\n\t\n<\/div>\n<a class=\"button secondary lowercase\" >\n\t\t<span>Ver m\u00e1s<\/span>\n\t<\/a>\n\n\t\t<\/div>\n\t\t\t\t\n<style>\n#col-1554114851 > .col-inner {\n  padding: 0px 5% 0px 0px;\n}\n<\/style>\n\t<\/div>\n\n\t\n<\/div>\n\t\t<\/div>\n\n\t\t\n<style>\n#section_1712862205 {\n  padding-top: 30px;\n  padding-bottom: 30px;\n}\n<\/style>\n\t<\/section>\n\t\n","protected":false},"excerpt":{"rendered":"","protected":false},"author":1,"featured_media":0,"parent":0,"menu_order":0,"comment_status":"closed","ping_status":"closed","template":"","meta":{"footnotes":""},"class_list":["post-9","page","type-page","status-publish","hentry"],"_links":{"self":[{"href":"https:\/\/danielchaveztorres.com\/flacso\/index.php\/wp-json\/wp\/v2\/pages\/9","targetHints":{"allow":["GET"]}}],"collection":[{"href":"https:\/\/danielchaveztorres.com\/flacso\/index.php\/wp-json\/wp\/v2\/pages"}],"about":[{"href":"https:\/\/danielchaveztorres.com\/flacso\/index.php\/wp-json\/wp\/v2\/types\/page"}],"author":[{"embeddable":true,"href":"https:\/\/danielchaveztorres.com\/flacso\/index.php\/wp-json\/wp\/v2\/users\/1"}],"replies":[{"embeddable":true,"href":"https:\/\/danielchaveztorres.com\/flacso\/index.php\/wp-json\/wp\/v2\/comments?post=9"}],"version-history":[{"count":58,"href":"https:\/\/danielchaveztorres.com\/flacso\/index.php\/wp-json\/wp\/v2\/pages\/9\/revisions"}],"predecessor-version":[{"id":586,"href":"https:\/\/danielchaveztorres.com\/flacso\/index.php\/wp-json\/wp\/v2\/pages\/9\/revisions\/586"}],"wp:attachment":[{"href":"https:\/\/danielchaveztorres.com\/flacso\/index.php\/wp-json\/wp\/v2\/media?parent=9"}],"curies":[{"name":"wp","href":"https:\/\/api.w.org\/{rel}","templated":true}]}}